{"id":52116,"date":"2023-12-01T13:26:06","date_gmt":"2023-12-01T12:26:06","guid":{"rendered":"http:\/\/mrsz.pressenger.com\/?page_id=52116"},"modified":"2026-02-13T14:43:46","modified_gmt":"2026-02-13T13:43:46","slug":"tajekoztatok","status":"publish","type":"page","link":"https:\/\/edzokepzes.hunvolley.hu\/index.php\/tajekoztatok\/","title":{"rendered":"T\u00e1j\u00e9koztat\u00f3k"},"content":{"rendered":"<p>[et_pb_section fb_built=&#8221;1&#8243; _builder_version=&#8221;4.23.1&#8243; _module_preset=&#8221;default&#8221; background_color=&#8221;RGBA(255,255,255,0)&#8221; use_background_color_gradient=&#8221;on&#8221; background_color_gradient_stops=&#8221;rgba(0,0,0,0.8) 0%|rgba(0,0,0,0.8) 90%&#8221; background_image=&#8221;https:\/\/edzokepzes.hunvolley.hu\/wp-content\/uploads\/2023\/12\/dokumentumok.jpg&#8221; background_blend=&#8221;overlay&#8221; custom_padding=&#8221;0px||0px|||&#8221; global_colors_info=&#8221;{}&#8221;][et_pb_row _builder_version=&#8221;4.27.4&#8243; _module_preset=&#8221;default&#8221; module_alignment=&#8221;center&#8221; custom_padding=&#8221;0px||||false|false&#8221; global_colors_info=&#8221;{}&#8221;][et_pb_column type=&#8221;4_4&#8243; _builder_version=&#8221;4.27.4&#8243; _module_preset=&#8221;default&#8221; global_colors_info=&#8221;{}&#8221;][et_pb_text _builder_version=&#8221;4.27.4&#8243; _module_preset=&#8221;default&#8221; text_font=&#8221;|600|||||||&#8221; text_text_color=&#8221;#FFFFFF&#8221; header_font=&#8221;|600|||||||&#8221; header_text_color=&#8221;#FFFFFF&#8221; header_line_height=&#8221;1.4em&#8221; custom_margin=&#8221;||0px||false|false&#8221; custom_padding=&#8221;20px||||false|false&#8221; header_font_size_tablet=&#8221;&#8221; header_font_size_phone=&#8221;32px&#8221; header_font_size_last_edited=&#8221;on|desktop&#8221; global_colors_info=&#8221;{}&#8221;]<\/p>\n<h1>T\u00e1j\u00e9koztat\u00f3k<\/h1>\n<p>[\/et_pb_text][\/et_pb_column][\/et_pb_row][\/et_pb_section][et_pb_section fb_built=&#8221;1&#8243; _builder_version=&#8221;4.23.1&#8243; _module_preset=&#8221;default&#8221; custom_padding=&#8221;40px|||||&#8221; global_colors_info=&#8221;{}&#8221;][et_pb_row column_structure=&#8221;1_3,1_3,1_3&#8243; _builder_version=&#8221;4.27.4&#8243; _module_preset=&#8221;default&#8221; custom_padding=&#8221;0px||||false|false&#8221; global_colors_info=&#8221;{}&#8221;][et_pb_column type=&#8221;1_3&#8243; _builder_version=&#8221;4.23.1&#8243; _module_preset=&#8221;default&#8221; global_colors_info=&#8221;{}&#8221;][et_pb_text _builder_version=&#8221;4.27.4&#8243; _module_preset=&#8221;default&#8221; header_4_font=&#8221;|600|||||||&#8221; header_4_text_color=&#8221;#FFFFFF&#8221; header_4_font_size=&#8221;24px&#8221; background_color=&#8221;#0f628a&#8221; custom_margin=&#8221;||||false|false&#8221; custom_padding=&#8221;20px|32px|20px|32px|true|true&#8221; border_radii=&#8221;off|24px|24px||&#8221; box_shadow_style=&#8221;preset3&#8243; global_colors_info=&#8221;{}&#8221;]<\/p>\n<h4>Oktat\u00e1si rendszer<\/h4>\n<p>[\/et_pb_text][et_pb_text _builder_version=&#8221;4.27.4&#8243; _module_preset=&#8221;default&#8221; global_colors_info=&#8221;{}&#8221;]<\/p>\n<div class=\"at-collapsible-content\">\n<div class=\"at-file-entry\">\n<div class=\"at-file-name\">Tanfolyami rendszer m\u0171k\u00f6d\u00e9se<\/div>\n<div class=\"at-file-download\"><a href=\"https:\/\/hunvolley.hu\/wp-content\/uploads\/MRSZ_Edzokepzes_Reform_20250507.pdf\" class=\"at-download-button\" target=\"_blank\" rel=\"noopener\">Let\u00f6lt\u00e9s<\/a><\/div>\n<\/div>\n<\/div>\n<p>[\/et_pb_text][et_pb_text _builder_version=&#8221;4.27.4&#8243; _module_preset=&#8221;default&#8221; global_colors_info=&#8221;{}&#8221;]<\/p>\n<div class=\"at-collapsible-content\">\n<div class=\"at-file-entry\">\n<div class=\"at-file-name\">M\u0171k\u00f6d\u00e9st bemutat\u00f3 folyamat\u00e1br\u00e1k<\/div>\n<div class=\"at-file-download\"><a href=\"https:\/\/edzokepzes.hunvolley.hu\/wp-content\/uploads\/Edzoi_tanfolyami_rendszer_Folyamatabrak.pdf\" class=\"at-download-button\" target=\"_blank\" rel=\"noopener\">Let\u00f6lt\u00e9s<\/a><\/div>\n<\/div>\n<\/div>\n<p>[\/et_pb_text][et_pb_text _builder_version=&#8221;4.27.4&#8243; _module_preset=&#8221;default&#8221; global_colors_info=&#8221;{}&#8221;]<\/p>\n<div class=\"at-collapsible-content\">\n<div class=\"at-file-entry\">\n<div class=\"at-file-name\">Min\u0151s\u00e9g-biztos\u00edt\u00e1si rendszer<\/div>\n<div class=\"at-file-download\"><a href=\"https:\/\/edzokepzes.hunvolley.hu\/wp-content\/uploads\/Edzoi_tanfolyami_rendszer_Minosegbiztositasi-rendszer.pdf\" class=\"at-download-button\" target=\"_blank\" rel=\"noopener\">Let\u00f6lt\u00e9s<\/a><\/div>\n<\/div>\n<\/div>\n<p>[\/et_pb_text][\/et_pb_column][et_pb_column type=&#8221;1_3&#8243; _builder_version=&#8221;4.23.1&#8243; _module_preset=&#8221;default&#8221; global_colors_info=&#8221;{}&#8221;][et_pb_text _builder_version=&#8221;4.27.4&#8243; _module_preset=&#8221;default&#8221; header_4_font=&#8221;|600|||||||&#8221; header_4_text_color=&#8221;#FFFFFF&#8221; header_4_font_size=&#8221;24px&#8221; background_color=&#8221;#0f628a&#8221; custom_margin=&#8221;||||false|false&#8221; custom_padding=&#8221;20px|32px|20px|32px|true|true&#8221; border_radii=&#8221;off|24px|24px||&#8221; box_shadow_style=&#8221;preset3&#8243; locked=&#8221;off&#8221; global_colors_info=&#8221;{}&#8221;]<\/p>\n<h4>Szab\u00e1lyzatok<\/h4>\n<p>[\/et_pb_text][et_pb_text _builder_version=&#8221;4.27.4&#8243; _module_preset=&#8221;default&#8221; global_colors_info=&#8221;{}&#8221;]<\/p>\n<div class=\"at-collapsible-content\">\n<div class=\"at-file-entry\">\n<div class=\"at-file-name\">Tanulm\u00e1nyi szab\u00e1lyzat &#8211; Alapszint\u0171 Tanfolyam<\/div>\n<div class=\"at-file-download\"><a href=\"https:\/\/edzokepzes.hunvolley.hu\/wp-content\/uploads\/MRSZ_Alapszintu_edzoi_licenszszerzo_kepzes_Tanulmany_Szabalyzat.pdf\" class=\"at-download-button\" target=\"_blank\" rel=\"noopener\">Let\u00f6lt\u00e9s<\/a><\/div>\n<\/div>\n<\/div>\n<p>[\/et_pb_text][et_pb_text _builder_version=&#8221;4.27.4&#8243; _module_preset=&#8221;default&#8221; hover_enabled=&#8221;0&#8243; global_colors_info=&#8221;{}&#8221; sticky_enabled=&#8221;0&#8243;]<\/p>\n<div class=\"at-collapsible-content\">\n<div class=\"at-file-entry\">\n<div class=\"at-file-name\">Tanulm\u00e1nyi szab\u00e1lyzat &#8211; Alapszint\u0171 Kieg\u00e9sz\u00edt\u0151 Tanfolyam &#8211; TAVASZ<\/div>\n<div class=\"at-file-download\"><a href=\"https:\/\/edzokepzes.hunvolley.hu\/wp-content\/uploads\/MRSZ_Kiegeszito_edzoi_licenszszerzo_kepzes_Tanulmany_Szabalyzat_2026_Tavasz_elfogadott.pdf\" class=\"at-download-button\" target=\"_blank\" rel=\"noopener\">Let\u00f6lt\u00e9s<\/a><\/div>\n<\/div>\n<\/div>\n<p>[\/et_pb_text][et_pb_text _builder_version=&#8221;4.27.4&#8243; _module_preset=&#8221;default&#8221; global_colors_info=&#8221;{}&#8221;]<\/p>\n<div class=\"at-collapsible-content\">\n<div class=\"at-file-entry\">\n<div class=\"at-file-name\">Adatkezel\u00e9si t\u00e1j\u00e9koztat\u00f3<\/div>\n<div class=\"at-file-download\"><a href=\"https:\/\/edzokepzes.hunvolley.hu\/wp-content\/uploads\/MRSZ_moodle_adatkezelesi_tajekoztato_20250811.pdf\" class=\"at-download-button\" target=\"_blank\" rel=\"noopener\">Let\u00f6lt\u00e9s<\/a><\/div>\n<\/div>\n<\/div>\n<p>[\/et_pb_text][\/et_pb_column][et_pb_column type=&#8221;1_3&#8243; _builder_version=&#8221;4.23.1&#8243; _module_preset=&#8221;default&#8221; global_colors_info=&#8221;{}&#8221;][et_pb_text _builder_version=&#8221;4.27.4&#8243; _module_preset=&#8221;default&#8221; header_4_font=&#8221;|600|||||||&#8221; header_4_text_color=&#8221;#FFFFFF&#8221; header_4_font_size=&#8221;24px&#8221; background_color=&#8221;#0f628a&#8221; custom_margin=&#8221;||||false|false&#8221; custom_padding=&#8221;20px|32px|20px|32px|true|true&#8221; border_radii=&#8221;off|24px|24px||&#8221; box_shadow_style=&#8221;preset3&#8243; locked=&#8221;off&#8221; global_colors_info=&#8221;{}&#8221;]<\/p>\n<h4>Tantervek<\/h4>\n<p>[\/et_pb_text][et_pb_text _builder_version=&#8221;4.27.4&#8243; _module_preset=&#8221;default&#8221; global_colors_info=&#8221;{}&#8221;]<\/p>\n<div class=\"at-collapsible-content\">\n<div class=\"at-file-entry\">\n<div class=\"at-file-name\">Oktat\u00e1si t\u00e1j\u00e9koztat\u00f3 &#8211; Alapszint\u0171 Tanfolyam<\/div>\n<div class=\"at-file-download\"><a href=\"https:\/\/edzokepzes.hunvolley.hu\/wp-content\/uploads\/Edzoi_tanfolyami_rendszer_Alapszintu_Tanrend.pdf\" class=\"at-download-button\" target=\"_blank\" rel=\"noopener\">Let\u00f6lt\u00e9s<\/a><\/div>\n<\/div>\n<\/div>\n<p>[\/et_pb_text][et_pb_text _builder_version=&#8221;4.27.4&#8243; _module_preset=&#8221;default&#8221; global_colors_info=&#8221;{}&#8221;]<\/p>\n<div class=\"at-collapsible-content\">\n<div class=\"at-file-entry\">\n<div class=\"at-file-name\">Oktat\u00e1si t\u00e1j\u00e9koztat\u00f3 &#8211; Alapszint\u0171 Kieg\u00e9sz\u00edt\u0151 Tanfolyam 2025 \u0151sz<\/div>\n<div class=\"at-file-download\"><a href=\"https:\/\/edzokepzes.hunvolley.hu\/wp-content\/uploads\/Edzoi_tanfolyami_rendszer_Kiegeszito_Tanrend.pdf\" class=\"at-download-button\" target=\"_blank\" rel=\"noopener\">Let\u00f6lt\u00e9s<\/a><\/div>\n<\/div>\n<\/div>\n<p>[\/et_pb_text][et_pb_text _builder_version=&#8221;4.27.4&#8243; _module_preset=&#8221;default&#8221; hover_enabled=&#8221;0&#8243; global_colors_info=&#8221;{}&#8221; sticky_enabled=&#8221;0&#8243;]<\/p>\n<div class=\"at-collapsible-content\">\n<div class=\"at-file-entry\">\n<div class=\"at-file-name\">Oktat\u00e1si t\u00e1j\u00e9koztat\u00f3 &#8211; Alapszint\u0171 Kieg\u00e9sz\u00edt\u0151 Tanfolyam 2026 tavasz<\/div>\n<div class=\"at-file-download\"><a class=\"at-download-button\" href=\"https:\/\/edzokepzes.hunvolley.hu\/wp-content\/uploads\/Edzoi_tanfolyami_rendszer_Kiegeszito_Tanrend_2026_tavasz.pdf\" target=\"_blank\" rel=\"noopener\">Let\u00f6lt\u00e9s<\/a><\/div>\n<\/div>\n<\/div>\n<p>[\/et_pb_text][\/et_pb_column][\/et_pb_row][\/et_pb_section]<\/p>\n","protected":false},"excerpt":{"rendered":"<p>T\u00e1j\u00e9koztat\u00f3kOktat\u00e1si rendszer Tanfolyami rendszer m\u0171k\u00f6d\u00e9se Let\u00f6lt\u00e9s M\u0171k\u00f6d\u00e9st bemutat\u00f3 folyamat\u00e1br\u00e1k Let\u00f6lt\u00e9s Min\u0151s\u00e9g-biztos\u00edt\u00e1si rendszer Let\u00f6lt\u00e9s Szab\u00e1lyzatok Tanulm\u00e1nyi szab\u00e1lyzat &#8211; Alapszint\u0171 Tanfolyam Let\u00f6lt\u00e9s Tanulm\u00e1nyi szab\u00e1lyzat &#8211; Alapszint\u0171 Kieg\u00e9sz\u00edt\u0151 Tanfolyam &#8211; TAVASZ Let\u00f6lt\u00e9s Adatkezel\u00e9si t\u00e1j\u00e9koztat\u00f3 Let\u00f6lt\u00e9s Tantervek Oktat\u00e1si t\u00e1j\u00e9koztat\u00f3 &#8211; Alapszint\u0171 Tanfolyam Let\u00f6lt\u00e9s Oktat\u00e1si t\u00e1j\u00e9koztat\u00f3 &#8211; Alapszint\u0171 Kieg\u00e9sz\u00edt\u0151 Tanfolyam 2025 \u0151sz Let\u00f6lt\u00e9s Oktat\u00e1si t\u00e1j\u00e9koztat\u00f3 &#8211; Alapszint\u0171 Kieg\u00e9sz\u00edt\u0151 Tanfolyam 2026 [&hellip;]<\/p>\n","protected":false},"author":1,"featured_media":0,"parent":0,"menu_order":0,"comment_status":"closed","ping_status":"closed","template":"","meta":{"_et_pb_use_builder":"on","_et_pb_old_content":"","_et_gb_content_width":"","footnotes":""},"class_list":["post-52116","page","type-page","status-publish","hentry"],"_links":{"self":[{"href":"https:\/\/edzokepzes.hunvolley.hu\/index.php\/wp-json\/wp\/v2\/pages\/52116","targetHints":{"allow":["GET"]}}],"collection":[{"href":"https:\/\/edzokepzes.hunvolley.hu\/index.php\/wp-json\/wp\/v2\/pages"}],"about":[{"href":"https:\/\/edzokepzes.hunvolley.hu\/index.php\/wp-json\/wp\/v2\/types\/page"}],"author":[{"embeddable":true,"href":"https:\/\/edzokepzes.hunvolley.hu\/index.php\/wp-json\/wp\/v2\/users\/1"}],"replies":[{"embeddable":true,"href":"https:\/\/edzokepzes.hunvolley.hu\/index.php\/wp-json\/wp\/v2\/comments?post=52116"}],"version-history":[{"count":26,"href":"https:\/\/edzokepzes.hunvolley.hu\/index.php\/wp-json\/wp\/v2\/pages\/52116\/revisions"}],"predecessor-version":[{"id":78860,"href":"https:\/\/edzokepzes.hunvolley.hu\/index.php\/wp-json\/wp\/v2\/pages\/52116\/revisions\/78860"}],"wp:attachment":[{"href":"https:\/\/edzokepzes.hunvolley.hu\/index.php\/wp-json\/wp\/v2\/media?parent=52116"}],"curies":[{"name":"wp","href":"https:\/\/api.w.org\/{rel}","templated":true}]}}