{"id":51911,"date":"2023-11-24T16:35:03","date_gmt":"2023-11-24T15:35:03","guid":{"rendered":"http:\/\/mrsz.pressenger.com\/?page_id=51911"},"modified":"2025-08-22T10:15:10","modified_gmt":"2025-08-22T08:15:10","slug":"kepzeseink","status":"publish","type":"page","link":"https:\/\/edzokepzes.hunvolley.hu\/index.php\/kepzeseink\/","title":{"rendered":"K\u00e9pz\u00e9seink"},"content":{"rendered":"<p>[et_pb_section fb_built=&#8221;1&#8243; _builder_version=&#8221;4.23.1&#8243; _module_preset=&#8221;default&#8221; background_color=&#8221;RGBA(255,255,255,0)&#8221; use_background_color_gradient=&#8221;on&#8221; background_color_gradient_stops=&#8221;rgba(0,0,0,0.8) 0%|rgba(0,0,0,0.8) 90%&#8221; background_image=&#8221;https:\/\/edzokepzes.hunvolley.hu\/wp-content\/uploads\/2024\/01\/gyik.jpg&#8221; background_blend=&#8221;overlay&#8221; custom_padding=&#8221;||0px|||&#8221; global_colors_info=&#8221;{}&#8221;][et_pb_row _builder_version=&#8221;4.23.1&#8243; _module_preset=&#8221;default&#8221; custom_padding=&#8221;0px||||false|false&#8221; global_colors_info=&#8221;{}&#8221;][et_pb_column type=&#8221;4_4&#8243; _builder_version=&#8221;4.23.1&#8243; _module_preset=&#8221;default&#8221; global_colors_info=&#8221;{}&#8221;][et_pb_text _builder_version=&#8221;4.23.1&#8243; _module_preset=&#8221;default&#8221; header_font=&#8221;|600|||||||&#8221; header_text_color=&#8221;#FFFFFF&#8221; header_line_height=&#8221;1.4em&#8221; custom_margin=&#8221;||0px||false|false&#8221; custom_padding=&#8221;||||false|false&#8221; header_font_size_tablet=&#8221;&#8221; header_font_size_phone=&#8221;32px&#8221; header_font_size_last_edited=&#8221;on|desktop&#8221; global_colors_info=&#8221;{}&#8221;]<\/p>\n<h1>K\u00e9pz\u00e9seink<\/h1>\n<p>[\/et_pb_text][\/et_pb_column][\/et_pb_row][\/et_pb_section][et_pb_section fb_built=&#8221;1&#8243; _builder_version=&#8221;4.27.4&#8243; _module_preset=&#8221;default&#8221; global_colors_info=&#8221;{}&#8221;][et_pb_row _builder_version=&#8221;4.27.4&#8243; _module_preset=&#8221;default&#8221; global_colors_info=&#8221;{}&#8221;][et_pb_column type=&#8221;4_4&#8243; _builder_version=&#8221;4.27.4&#8243; _module_preset=&#8221;default&#8221; global_colors_info=&#8221;{}&#8221;][et_pb_text _builder_version=&#8221;4.27.4&#8243; _module_preset=&#8221;default&#8221; text_font=&#8221;|600|||||||&#8221; text_text_color=&#8221;#1e1e1e&#8221; text_font_size=&#8221;48px&#8221; positioning=&#8221;absolute&#8221; vertical_offset=&#8221;-3px&#8221; z_index=&#8221;2&#8243; width=&#8221;100%&#8221; custom_padding=&#8221;||0px|||&#8221; text_text_color_tablet=&#8221;#1e1e1e&#8221; text_text_color_phone=&#8221;#1e1e1e&#8221; text_text_color_last_edited=&#8221;on|tablet&#8221; text_font_size_tablet=&#8221;48px&#8221; text_font_size_phone=&#8221;25px&#8221; text_font_size_last_edited=&#8221;on|phone&#8221; custom_css_free_form=&#8221;selector span {||  background-color: #fff;||  padding-right: 20px;||}&#8221; global_colors_info=&#8221;{}&#8221;]<\/p>\n<p class=\"at-vertical-text\"><span>2025. szeptember v\u00e9g\u00e9n indul\u00f3 k\u00e9pz\u00e9seink<\/span><\/p>\n<p>[\/et_pb_text][\/et_pb_column][\/et_pb_row][et_pb_row _builder_version=&#8221;4.27.4&#8243; _module_preset=&#8221;default&#8221; global_colors_info=&#8221;{}&#8221;][et_pb_column type=&#8221;4_4&#8243; _builder_version=&#8221;4.27.4&#8243; _module_preset=&#8221;default&#8221; global_colors_info=&#8221;{}&#8221;][et_pb_pricing_tables _builder_version=&#8221;4.27.4&#8243; _module_preset=&#8221;default&#8221; price_text_color=&#8221;#0c71c3&#8243; price_font_size=&#8221;60px&#8221; global_colors_info=&#8221;{}&#8221;][et_pb_pricing_table title=&#8221;R\u00f6plabda Edz\u0151i Alapszint\u0171 Tanfolyam&#8221; subtitle=&#8221;Kezd\u0151 edz\u0151jel\u00f6lteknek&#8221; currency=&#8221;HUF&#8221; sum=&#8221;260.000 + \u00c1FA&#8221; header_background_color=&#8221;#0C71C3&#8243; _builder_version=&#8221;4.27.4&#8243; _module_preset=&#8221;default&#8221; currency_frequency_font=&#8221;|||on|||||&#8221; currency_frequency_font_size=&#8221;16px&#8221; currency_frequency_line_height=&#8221;1.6em&#8221; global_colors_info=&#8221;{}&#8221; sticky_transition=&#8221;on&#8221;]<\/p>\n<p><span style=\"font-size: 16px;\">10.000 Ft + \u00c1FA regisztr\u00e1ci\u00f3s d\u00edj<\/span><\/p>\n<p><span><span style=\"font-size: 16px;\"><strong>K\u00e9t f\u00e9l\u00e9v<\/strong> k\u00e9pz\u00e9si id\u0151<\/span><\/span><\/p>\n<p><span>R\u00f6plabd\u00e1s f\u00f3kusz\u00fa tananyag<\/span><\/p>\n<p><span>\u00d6n\u00e1ll\u00f3an feldolgozhat\u00f3 elm\u00e9leti tananyag<\/span><\/p>\n<p><span>Rendszeres sportcsarnoki oktat\u00e1sok<\/span><\/p>\n<p><span>Elm\u00e9leti \u00e9s gyakorlati vizsga<\/span><\/p>\n<p><span>Edz\u0151i licenszre jogos\u00edt\u00f3 tan\u00fas\u00edtv\u00e1ny<\/span><\/p>\n<p style=\"text-align: center; list-style: none !important;\"><a class=\"custom-button\" href=\"https:\/\/edzokepzes.hunvolley.hu\/index.php\/kepzesek\/mrsz-roplabda-edzoi-alapszintu-licenszszerzo-tanfolyam\" style=\"color: #fff;\">\u00c9rdekel<\/a><\/p>\n<p>[\/et_pb_pricing_table][et_pb_pricing_table title=&#8221;R\u00f6plabda Edz\u0151i\u00a0 \u00a0Kieg\u00e9sz\u00edt\u0151 Tanfolyam&#8221; subtitle=&#8221;Praktiz\u00e1l\u00f3 edz\u0151knek&#8221; currency=&#8221;HUF&#8221; sum=&#8221;45.000 + \u00c1FA&#8221; _builder_version=&#8221;4.27.4&#8243; _module_preset=&#8221;default&#8221; header_text_color=&#8221;#000000&#8243; global_colors_info=&#8221;{}&#8221; sticky_transition=&#8221;on&#8221;]<\/p>\n<p><span style=\"font-size: 16px;\">10.000 Ft + \u00c1FA regisztr\u00e1ci\u00f3s d\u00edj<\/span><\/p>\n<p><span><span><strong>Egy f\u00e9l\u00e9v<\/strong> k\u00e9pz\u00e9si id\u0151<\/span><\/span><\/p>\n<p><span>R\u00f6plabd\u00e1s f\u00f3kusz\u00fa tananyag<\/span><\/p>\n<p><span><span>\u00d6n\u00e1ll\u00f3an feldolgozhat\u00f3 elm\u00e9leti tananyag<\/span><\/span><\/p>\n<p><span><span> Gyakorlati oktat\u00e1s <strong>nincs<\/strong><\/span><\/span><\/p>\n<p><span><span>Elm\u00e9leti \u00e9s gyakorlati vizsga<\/span><\/span><\/p>\n<p><span><span>Edz\u0151i licenszre jogos\u00edt\u00f3 tan\u00fas\u00edtv\u00e1ny<\/span><\/span><\/p>\n<p style=\"text-align: center; list-style: none !important;\"><a class=\"custom-button\" href=\"https:\/\/edzokepzes.hunvolley.hu\/index.php\/kepzesek\/mrsz-roplabda-edzoi-kiegeszito-alapszintu-tanfolyam\/\" style=\"color: #fff;\">\u00c9rdekel<\/a><\/p>\n<p>[\/et_pb_pricing_table][\/et_pb_pricing_tables][\/et_pb_column][\/et_pb_row][\/et_pb_section][et_pb_section fb_built=&#8221;1&#8243; _builder_version=&#8221;4.27.4&#8243; _module_preset=&#8221;default&#8221; custom_padding=&#8221;0px||0px|||&#8221; global_colors_info=&#8221;{}&#8221;][et_pb_row column_structure=&#8221;3_4,1_4&#8243; _builder_version=&#8221;4.27.4&#8243; _module_preset=&#8221;default&#8221; custom_padding=&#8221;||6px|||&#8221; global_colors_info=&#8221;{}&#8221;][et_pb_column type=&#8221;3_4&#8243; _builder_version=&#8221;4.27.4&#8243; _module_preset=&#8221;default&#8221; global_colors_info=&#8221;{}&#8221;][et_pb_heading title=&#8221;Tervez\u00e9s alatt l\u00e9v\u0151 k\u00e9pz\u00e9seink&#8221; _builder_version=&#8221;4.27.4&#8243; _module_preset=&#8221;default&#8221; custom_margin=&#8221;||-3px|||&#8221; custom_padding=&#8221;|||0px||&#8221; global_colors_info=&#8221;{}&#8221;][\/et_pb_heading][et_pb_text _builder_version=&#8221;4.27.4&#8243; _module_preset=&#8221;default&#8221; global_colors_info=&#8221;{}&#8221;]<\/p>\n<ul>\n<li>R\u00f6plabda Edz\u0151i K\u00f6z\u00e9pszint\u0171 Tanfolyam &#8211; indul\u00e1s: 2026 \u0151sz<\/li>\n<\/ul>\n<p>[\/et_pb_text][\/et_pb_column][et_pb_column type=&#8221;1_4&#8243; _builder_version=&#8221;4.27.4&#8243; _module_preset=&#8221;default&#8221; global_colors_info=&#8221;{}&#8221;][et_pb_icon font_icon=&#8221;&#xe0e1;||divi||400&#8243; icon_color=&#8221;#0c71c3&#8243; align=&#8221;left&#8221; _builder_version=&#8221;4.27.4&#8243; _module_preset=&#8221;default&#8221; custom_margin=&#8221;|0px|||false|false&#8221; custom_padding=&#8221;|0px||0px|false|false&#8221; global_colors_info=&#8221;{}&#8221;][\/et_pb_icon][\/et_pb_column][\/et_pb_row][\/et_pb_section]<\/p>\n","protected":false},"excerpt":{"rendered":"<p>K\u00e9pz\u00e9seink2025. szeptember v\u00e9g\u00e9n indul\u00f3 k\u00e9pz\u00e9seink10.000 Ft + \u00c1FA regisztr\u00e1ci\u00f3s d\u00edj K\u00e9t f\u00e9l\u00e9v k\u00e9pz\u00e9si id\u0151 R\u00f6plabd\u00e1s f\u00f3kusz\u00fa tananyag \u00d6n\u00e1ll\u00f3an feldolgozhat\u00f3 elm\u00e9leti tananyag Rendszeres sportcsarnoki oktat\u00e1sok Elm\u00e9leti \u00e9s gyakorlati vizsga Edz\u0151i licenszre jogos\u00edt\u00f3 tan\u00fas\u00edtv\u00e1ny \u00c9rdekel10.000 Ft + \u00c1FA regisztr\u00e1ci\u00f3s d\u00edj Egy f\u00e9l\u00e9v k\u00e9pz\u00e9si id\u0151 R\u00f6plabd\u00e1s f\u00f3kusz\u00fa tananyag \u00d6n\u00e1ll\u00f3an feldolgozhat\u00f3 elm\u00e9leti tananyag Gyakorlati oktat\u00e1s nincs Elm\u00e9leti \u00e9s gyakorlati [&hellip;]<\/p>\n","protected":false},"author":1,"featured_media":0,"parent":0,"menu_order":0,"comment_status":"closed","ping_status":"closed","template":"","meta":{"_et_pb_use_builder":"on","_et_pb_old_content":"","_et_gb_content_width":"","footnotes":""},"class_list":["post-51911","page","type-page","status-publish","hentry"],"_links":{"self":[{"href":"https:\/\/edzokepzes.hunvolley.hu\/index.php\/wp-json\/wp\/v2\/pages\/51911","targetHints":{"allow":["GET"]}}],"collection":[{"href":"https:\/\/edzokepzes.hunvolley.hu\/index.php\/wp-json\/wp\/v2\/pages"}],"about":[{"href":"https:\/\/edzokepzes.hunvolley.hu\/index.php\/wp-json\/wp\/v2\/types\/page"}],"author":[{"embeddable":true,"href":"https:\/\/edzokepzes.hunvolley.hu\/index.php\/wp-json\/wp\/v2\/users\/1"}],"replies":[{"embeddable":true,"href":"https:\/\/edzokepzes.hunvolley.hu\/index.php\/wp-json\/wp\/v2\/comments?post=51911"}],"version-history":[{"count":38,"href":"https:\/\/edzokepzes.hunvolley.hu\/index.php\/wp-json\/wp\/v2\/pages\/51911\/revisions"}],"predecessor-version":[{"id":78748,"href":"https:\/\/edzokepzes.hunvolley.hu\/index.php\/wp-json\/wp\/v2\/pages\/51911\/revisions\/78748"}],"wp:attachment":[{"href":"https:\/\/edzokepzes.hunvolley.hu\/index.php\/wp-json\/wp\/v2\/media?parent=51911"}],"curies":[{"name":"wp","href":"https:\/\/api.w.org\/{rel}","templated":true}]}}