{"id":51821,"date":"2023-11-21T13:54:55","date_gmt":"2023-11-21T12:54:55","guid":{"rendered":"http:\/\/mrsz.pressenger.com\/?page_id=51821"},"modified":"2025-08-13T09:12:56","modified_gmt":"2025-08-13T07:12:56","slug":"fooldal-3","status":"publish","type":"page","link":"https:\/\/edzokepzes.hunvolley.hu\/","title":{"rendered":"F\u0151oldal"},"content":{"rendered":"<p>[et_pb_section fb_built=&#8221;1&#8243; admin_label=&#8221;Tabella Szakasz&#8221; _builder_version=&#8221;4.27.4&#8243; _module_preset=&#8221;default&#8221; background_enable_color=&#8221;off&#8221; background_enable_image=&#8221;off&#8221; custom_padding=&#8221;36px|||||&#8221; global_colors_info=&#8221;{}&#8221;][et_pb_row _builder_version=&#8221;4.23.1&#8243; _module_preset=&#8221;default&#8221; custom_margin=&#8221;-23px|auto||auto||&#8221; custom_padding=&#8221;0px|||||&#8221; global_colors_info=&#8221;{}&#8221;][et_pb_column type=&#8221;4_4&#8243; _builder_version=&#8221;4.23.1&#8243; _module_preset=&#8221;default&#8221; global_colors_info=&#8221;{}&#8221;][et_pb_text _builder_version=&#8221;4.27.4&#8243; _module_preset=&#8221;default&#8221; header_font=&#8221;|600|||||||&#8221; header_text_color=&#8221;#1e1e1e&#8221; header_2_font_size=&#8221;48px&#8221; header_2_line_height=&#8221;1.4em&#8221; header_2_font_size_tablet=&#8221;48px&#8221; header_2_font_size_phone=&#8221;26px&#8221; header_2_font_size_last_edited=&#8221;on|phone&#8221; global_colors_info=&#8221;{}&#8221;]<\/p>\n<h2 id=\"elnokikoszonto\">Eln\u00f6ki k\u00f6sz\u00f6nt\u0151<\/h2>\n<p>[\/et_pb_text][\/et_pb_column][\/et_pb_row][et_pb_row _builder_version=&#8221;4.27.4&#8243; _module_preset=&#8221;default&#8221; background_color=&#8221;RGBA(255,255,255,0)&#8221; custom_padding=&#8221;0px||0px|||&#8221; global_colors_info=&#8221;{}&#8221;][et_pb_column type=&#8221;4_4&#8243; _builder_version=&#8221;4.23.1&#8243; _module_preset=&#8221;default&#8221; global_colors_info=&#8221;{}&#8221;][et_pb_testimonial author=&#8221;Vatai Gabriella&#8221; job_title=&#8221;MRSZ Eln\u00f6k&#8221; portrait_url=&#8221;https:\/\/edzokepzes.hunvolley.hu\/wp-content\/uploads\/Vatai-Gabriella-1-e1755011252230.jpg&#8221; portrait_width=&#8221;100px&#8221; portrait_height=&#8221;100px&#8221; _builder_version=&#8221;4.27.4&#8243; _module_preset=&#8221;default&#8221; width=&#8221;100%&#8221; global_colors_info=&#8221;{}&#8221;]<\/p>\n<p style=\"text-align: justify;\">Tisztelt Sportt\u00e1rsak, Kedves Edz\u0151 Koll\u00e9g\u00e1k!<\/p>\n<p style=\"text-align: justify;\">Nagy \u00f6r\u00f6mmel \u00e9s b\u00fcszkes\u00e9ggel k\u00f6sz\u00f6nt\u00f6m \u00d6n\u00f6ket a Magyar R\u00f6plabda Sz\u00f6vets\u00e9g meg\u00fajult edz\u0151k\u00e9pz\u00e9si rendszer\u00e9ben! A most elindul\u00f3 edz\u0151k\u00e9pz\u00e9si tanfolyami rendszer egy k\u00f6z\u00f6s \u00fat kezdete, amely a magyar r\u00f6plabd\u00e1z\u00e1s j\u00f6v\u0151j\u00e9nek \u00e9p\u00edt\u00e9s\u00e9t szolg\u00e1lja. A Magyar R\u00f6plabda Sz\u00f6vets\u00e9g hossz\u00fat\u00e1v\u00fa strat\u00e9gi\u00e1j\u00e1nak alappill\u00e9rei k\u00f6z\u00f6tt (Eredm\u00e9nyess\u00e9g, N\u00e9pszer\u0171s\u00e9g, Fenntarthat\u00f3s\u00e1g) kiemelt hangs\u00falyt szentelt\u00fcnk az ut\u00e1np\u00f3tl\u00e1s koroszt\u00e1ly min\u0151s\u00e9gi fejleszt\u00e9s\u00e9re, hiszen ez az orig\u00f3ja eredm\u00e9nyess\u00e9gi amb\u00edci\u00f3inknak is. Az ut\u00e1np\u00f3tl\u00e1s koroszt\u00e1lyok min\u0151s\u00e9gi fejleszt\u00e9s\u00e9hez azonban min\u0151s\u00e9gi edz\u0151kre van sz\u00fcks\u00e9g.<\/p>\n<p style=\"text-align: justify;\">Eln\u00f6ki tev\u00e9kenys\u00e9gem egyik legfontosabb k\u00fcldet\u00e9sek\u00e9nt tekintek erre a feladatra \u00e9s az MRSZ koll\u00e9g\u00e1inak \u00e1llhatatos munk\u00e1j\u00e1val \u00e9s a legkiv\u00e1l\u00f3bb szakemberek k\u00f6zrem\u0171k\u00f6d\u00e9s\u00e9vel egy vil\u00e1gosan meghat\u00e1rozhat\u00f3 c\u00e9lt t\u0171zt\u00fcnk ki magunk el\u00e9: egys\u00e9ges, \u00e1tl\u00e1that\u00f3 \u00e9s szakmailag megalapozott k\u00e9pz\u00e9si rendszer ki\u00e9p\u00edt\u00e9s\u00e9t olyan tud\u00e1sanyaggal, amely naprak\u00e9sz, a gyakorlatban is hasznos\u00edthat\u00f3, \u00e9s val\u00f3di seg\u00edts\u00e9get ny\u00fajt abban, hogy szakembereink m\u00e9g eredm\u00e9nyesebben dolgozhassanak a klubjaikban, iskol\u00e1ikban, k\u00f6z\u00f6ss\u00e9geikben.<\/p>\n<p style=\"text-align: justify;\">A k\u00f6z\u00f6sen megalkotott \u00faj edz\u0151i tanfolyami rendszer reformj\u00e1t a 2025. m\u00e1jus 7-i Szakmai Napon hoztuk nyilv\u00e1noss\u00e1gra, m\u00e1ra pedig eljutottunk oda, hogy t\u00f6bb h\u00f3napos szakmai munk\u00e1t \u00e9s el\u0151k\u00e9sz\u00fcletet k\u00f6vet\u0151en elind\u00edtsuk az \u00faj k\u00e9pz\u00e9si rendszer els\u0151 tanfolyamait. A rendszer k\u00e9pz\u00e9sei az er\u0151s alapokra f\u00f3kusz\u00e1lnak, hogy a r\u00e9sztev\u0151 hallgat\u00f3knak modern, versenyk\u00e9pes tud\u00e1st adjanak \u00e1t, ami hossz\u00fa t\u00e1von biztos\u00edtja sport\u00e1gunk fejl\u0151d\u00e9s\u00e9t. Ez az eg\u00e9sz hazai r\u00f6plabd\u00e1s k\u00f6z\u00f6ss\u00e9g \u00e9rdeke is.<\/p>\n<p style=\"text-align: justify;\">A most indul\u00f3 k\u00e9pz\u00e9sek nagy m\u00e9rf\u00f6ldk\u00f6vek a hazai r\u00f6plabd\u00e1z\u00e1sban, hiszen ilyen eddig m\u00e9g nem \u00e1llt az edz\u0151k rendelkez\u00e9s\u00e9re. A meg\u00fajult tanfolyami rendszer a folyamatos tanul\u00e1st \u00e9s fejl\u0151dni akar\u00e1s kult\u00far\u00e1j\u00e1t is er\u0151s\u00edti az edz\u0151i t\u00e1rsadalomban.<\/p>\n<p style=\"text-align: justify;\">A kezdem\u00e9nyez\u00e9s\u00fcnk hazai \u00e9s nemzetk\u00f6zi t\u00e1mogatotts\u00e1gnak \u00f6rvend, ugyanis a tanfolyamok kidolgoz\u00e1sa a Nemzeti Sportfejleszt\u00e9si \u00e9s M\u00f3dszertani Int\u00e9zet k\u00f6zrem\u0171k\u00f6d\u00e9s\u00e9vel val\u00f3sul meg, tov\u00e1bb\u00e1 az \u00f6sszes k\u00e9pz\u00e9s \u00e9s a megszerzett tan\u00fas\u00edtv\u00e1nyok a CEV \u00e1ltal akkredit\u00e1l\u00e1sra ker\u00fclnek \u2013 k\u00fcls\u0151 partnereinknek ez\u00faton is k\u00f6sz\u00f6nj\u00fck a t\u00e1mogat\u00e1sukat! K\u00e9rem, tekintsenek a tanfolyamra lehet\u0151s\u00e9gk\u00e9nt, amely seg\u00edt a tud\u00e1suk elm\u00e9ly\u00edt\u00e9s\u00e9ben, a szakmai identit\u00e1suk meger\u0151s\u00edt\u00e9s\u00e9ben, \u00e9s amely r\u00e9v\u00e9n a magyar r\u00f6plabda k\u00f6z\u00f6ss\u00e9g\u00e9nek m\u00e9g \u00e9rt\u00e9kesebb tagjaiv\u00e1 v\u00e1lhatnak. Edz\u0151k\u00e9nt nemcsak technikai tud\u00e1st adunk \u00e1t, hanem p\u00e9ldak\u00e9pei is vagyunk a fiataloknak. Ez a felel\u0151ss\u00e9g \u00e9s lehet\u0151s\u00e9g minden pillanatban jelen van munk\u00e1nkban.<br \/>Legy\u00fcnk min\u00e9l t\u00f6bben, akik hajland\u00f3k id\u0151t, energi\u00e1t \u00e9s figyelmet ford\u00edtani a fejl\u0151d\u00e9sre, mert ez a hozz\u00e1\u00e1ll\u00e1s a hossz\u00fa t\u00e1v\u00fa sikerek z\u00e1loga.<\/p>\n<p style=\"text-align: justify;\">K\u00f6sz\u00f6n\u00f6m, hogy bizalmukkal \u00e9s r\u00e9szv\u00e9tel\u00fckkel hozz\u00e1j\u00e1rulnak sport\u00e1gunk fejl\u0151d\u00e9s\u00e9hez. B\u00edzom benne, hogy a tanul\u00e1s sor\u00e1n nemcsak \u00faj ismereteket szereznek, hanem inspir\u00e1ci\u00f3t is mer\u00edtenek \u2014 \u00e9s hogy e k\u00f6z\u00f6s \u00faton m\u00e9g sok\u00e1ig haladhatunk egy\u00fctt.<br \/>Sok sikert k\u00edv\u00e1nok a tanulm\u00e1nyokhoz!<\/p>\n<p style=\"text-align: justify;\">Sportbar\u00e1ti \u00fcdv\u00f6zlettel:<\/p>\n<p>[\/et_pb_testimonial][\/et_pb_column][\/et_pb_row][\/et_pb_section][et_pb_section fb_built=&#8221;1&#8243; _builder_version=&#8221;4.27.4&#8243; _module_preset=&#8221;default&#8221; background_color=&#8221;#0f628a&#8221; background_enable_image=&#8221;off&#8221; custom_padding=&#8221;0px||0px|||&#8221; global_colors_info=&#8221;{}&#8221;][et_pb_row _builder_version=&#8221;4.23.1&#8243; _module_preset=&#8221;default&#8221; locked=&#8221;off&#8221; global_colors_info=&#8221;{}&#8221;][et_pb_column type=&#8221;4_4&#8243; _builder_version=&#8221;4.23.1&#8243; _module_preset=&#8221;default&#8221; global_colors_info=&#8221;{}&#8221;][et_pb_text _builder_version=&#8221;4.27.4&#8243; _module_preset=&#8221;default&#8221; header_font=&#8221;|600|||||||&#8221; header_text_color=&#8221;#1e1e1e&#8221; header_2_text_color=&#8221;#FFFFFF&#8221; header_2_font_size=&#8221;48px&#8221; header_2_line_height=&#8221;1.4em&#8221; custom_margin=&#8221;||-12px|||&#8221; header_2_font_size_tablet=&#8221;48px&#8221; header_2_font_size_phone=&#8221;26px&#8221; header_2_font_size_last_edited=&#8221;on|phone&#8221; global_colors_info=&#8221;{}&#8221;]<\/p>\n<h2 id=\"jelentkezz\" style=\"text-align: center;\">Jelentkezz te is tanfolyamainkra!<\/h2>\n<p>[\/et_pb_text][\/et_pb_column][\/et_pb_row][et_pb_row column_structure=&#8221;1_2,1_2&#8243; _builder_version=&#8221;4.27.4&#8243; _module_preset=&#8221;default&#8221; global_colors_info=&#8221;{}&#8221;][et_pb_column type=&#8221;1_2&#8243; _builder_version=&#8221;4.23.1&#8243; _module_preset=&#8221;default&#8221; global_colors_info=&#8221;{}&#8221;][et_pb_image src=&#8221;https:\/\/edzokepzes.hunvolley.hu\/wp-content\/uploads\/WhatsApp-kep-2025-08-12-16.10.17_945cce8d.jpg&#8221; alt=&#8221;MRSZ &#8211; R\u00f6plabda Edz\u0151i Alapszint\u0171 Licenszszerz\u0151 Tanfolyam&#8221; title_text=&#8221;MRSZ &#8211; R\u00f6plabda Edz\u0151i Alapszint\u0171 Licenszszerz\u0151 Tanfolyam&#8221; url=&#8221;https:\/\/edzokepzes.hunvolley.hu\/index.php\/kepzesek\/mrsz-roplabda-edzoi-alapszintu-licenszszerzo-tanfolyam\/&#8221; show_bottom_space=&#8221;off&#8221; force_fullwidth=&#8221;on&#8221; _builder_version=&#8221;4.27.4&#8243; _module_preset=&#8221;default&#8221; hover_enabled=&#8221;0&#8243; border_radii=&#8221;off|30px|30px||&#8221; global_colors_info=&#8221;{}&#8221; sticky_enabled=&#8221;0&#8243;][\/et_pb_image][et_pb_text _builder_version=&#8221;4.27.4&#8243; _module_preset=&#8221;default&#8221; header_3_text_align=&#8221;center&#8221; header_3_text_color=&#8221;#FFFFFF&#8221; header_4_text_align=&#8221;center&#8221; header_4_text_color=&#8221;#FFFFFF&#8221; header_4_font_size=&#8221;16px&#8221; header_4_line_height=&#8221;2.1em&#8221; background_color=&#8221;#0FA3CA&#8221; custom_margin=&#8221;||||false|false&#8221; custom_padding=&#8221;16px||27px||false|false&#8221; link_option_url=&#8221;https:\/\/edzokepzes.hunvolley.hu\/index.php\/kepzesek\/mrsz-roplabda-edzoi-alapszintu-licenszszerzo-tanfolyam\/&#8221; hover_enabled=&#8221;0&#8243; border_radii=&#8221;off|||24px|24px&#8221; global_colors_info=&#8221;{}&#8221; sticky_enabled=&#8221;0&#8243;]<\/p>\n<h4>MRSZ &#8211; R\u00f6plabda Edz\u0151i Alapszint\u0171 Licenszszerz\u0151 Tanfolyam<\/h4>\n<p>[\/et_pb_text][\/et_pb_column][et_pb_column type=&#8221;1_2&#8243; _builder_version=&#8221;4.27.4&#8243; _module_preset=&#8221;default&#8221; background_color=&#8221;RGBA(255,255,255,0)&#8221; global_colors_info=&#8221;{}&#8221;][et_pb_image src=&#8221;https:\/\/edzokepzes.hunvolley.hu\/wp-content\/uploads\/WhatsApp-kep-2025-08-12-16.09.36_f95ddb3d.jpg&#8221; title_text=&#8221;MRSZ &#8211; R\u00f6plabda Edz\u0151i Kieg\u00e9sz\u00edt\u0151 Alapszint\u0171 Tanfolyam&#8221; url=&#8221;https:\/\/edzokepzes.hunvolley.hu\/index.php\/kepzesek\/mrsz-roplabda-edzoi-kiegeszito-alapszintu-tanfolyam\/&#8221; show_bottom_space=&#8221;off&#8221; _builder_version=&#8221;4.27.4&#8243; _module_preset=&#8221;default&#8221; custom_margin=&#8221;||-2px|||&#8221; custom_padding=&#8221;0px|0px|0px|||&#8221; hover_enabled=&#8221;0&#8243; border_radii=&#8221;off|30px|24px||&#8221; global_colors_info=&#8221;{}&#8221; force_fullwidth=&#8221;on&#8221; sticky_enabled=&#8221;0&#8243; alt=&#8221;MRSZ &#8211; R\u00f6plabda Edz\u0151i Kieg\u00e9sz\u00edt\u0151 Alapszint\u0171 Tanfolyam&#8221;][\/et_pb_image][et_pb_text _builder_version=&#8221;4.27.4&#8243; _module_preset=&#8221;default&#8221; header_3_text_align=&#8221;center&#8221; header_3_text_color=&#8221;#FFFFFF&#8221; header_4_text_align=&#8221;center&#8221; header_4_text_color=&#8221;#FFFFFF&#8221; header_4_font_size=&#8221;16px&#8221; header_4_line_height=&#8221;2.1em&#8221; background_color=&#8221;#0FA3CA&#8221; custom_margin=&#8221;||||false|false&#8221; custom_padding=&#8221;16px||27px||false|false&#8221; link_option_url=&#8221;https:\/\/edzokepzes.hunvolley.hu\/index.php\/kepzesek\/mrsz-roplabda-edzoi-kiegeszito-alapszintu-tanfolyam\/&#8221; hover_enabled=&#8221;0&#8243; border_radii=&#8221;off|||24px|24px&#8221; locked=&#8221;off&#8221; global_colors_info=&#8221;{}&#8221; sticky_enabled=&#8221;0&#8243;]<\/p>\n<h4>MRSZ &#8211; R\u00f6plabda Edz\u0151i Kieg\u00e9sz\u00edt\u0151 Alapszint\u0171 Tanfolyam<\/h4>\n<p>[\/et_pb_text][\/et_pb_column][\/et_pb_row][\/et_pb_section][et_pb_section fb_built=&#8221;1&#8243; admin_label=&#8221;Menetrend&#8221; _builder_version=&#8221;4.23.1&#8243; _module_preset=&#8221;default&#8221; background_enable_image=&#8221;off&#8221; custom_padding=&#8221;0px|||||&#8221; global_colors_info=&#8221;{}&#8221;][et_pb_row _builder_version=&#8221;4.27.4&#8243; _module_preset=&#8221;default&#8221; global_colors_info=&#8221;{}&#8221;][et_pb_column type=&#8221;4_4&#8243; _builder_version=&#8221;4.27.4&#8243; _module_preset=&#8221;default&#8221; global_colors_info=&#8221;{}&#8221;][et_pb_text _builder_version=&#8221;4.24.2&#8243; _module_preset=&#8221;default&#8221; header_font=&#8221;|600|||||||&#8221; header_text_color=&#8221;#1e1e1e&#8221; header_2_font_size=&#8221;48px&#8221; header_2_line_height=&#8221;1.4em&#8221; header_2_font_size_tablet=&#8221;48px&#8221; header_2_font_size_phone=&#8221;26px&#8221; header_2_font_size_last_edited=&#8221;on|phone&#8221; global_colors_info=&#8221;{}&#8221;]<\/p>\n<h2>Aj\u00e1nl\u00e1sok<\/h2>\n<p>[\/et_pb_text][\/et_pb_column][\/et_pb_row][et_pb_row column_structure=&#8221;1_4,1_4,1_4,1_4&#8243; _builder_version=&#8221;4.27.4&#8243; _module_preset=&#8221;default&#8221; min_height=&#8221;50px&#8221; custom_margin=&#8221;0px||||false|false&#8221; custom_padding=&#8221;0px|||0px|false|false&#8221; global_colors_info=&#8221;{}&#8221;][et_pb_column type=&#8221;1_4&#8243; _builder_version=&#8221;4.27.4&#8243; _module_preset=&#8221;default&#8221; global_colors_info=&#8221;{}&#8221;][et_pb_testimonial author=&#8221;Bardi Gy\u00f6ngyi&#8221; job_title=&#8221;Tiszteletbeli Eln\u00f6k&#8221; portrait_url=&#8221;https:\/\/edzokepzes.hunvolley.hu\/wp-content\/uploads\/Picture2.png&#8221; _builder_version=&#8221;4.27.4&#8243; _module_preset=&#8221;default&#8221; global_colors_info=&#8221;{}&#8221;]<\/p>\n<p class=\"Standard\" style=\"text-align: left;\"><span lang=\"HU\"><\/span><\/p>\n<p class=\"Standard\" style=\"text-align: left;\"><span lang=\"HU\">A r\u00f6plabdasport fejleszt\u00e9se a k\u00f6vetkez\u0151 \u00e9vek feladatai k\u00f6zt szerepel, ami azt jelenti, hogy nincs vesztegetni val\u00f3 id\u0151. <\/span><\/p>\n<p class=\"Standard\" style=\"text-align: left;\"><span lang=\"HU\">A fejl\u0151d\u00e9shez vezet\u0151 \u00fat egyik legfontosabb alappill\u00e9re az EDZ\u0150K\u00c9PZ\u00c9S, ami a koroszt\u00e1lyos, majd a v\u00e1logatott eredm\u00e9nyess\u00e9g\u00e9t jelenti. <\/span><\/p>\n<p class=\"Standard\" style=\"text-align: left;\"><span lang=\"HU\">A 4 szintes k\u00e9pz\u00e9si rendszer a folyamatos tanul\u00e1s lehet\u0151s\u00e9g\u00e9t, valamint egy teljesen kezd\u0151 edz\u0151 legmagasabb szintre jut\u00e1s\u00e1t tudja ny\u00fajtani. <\/span><\/p>\n<p class=\"Standard\" style=\"text-align: left;\"><span lang=\"HU\">Az \u0151sszel indul\u00f3 k\u00e9pz\u00e9s kiv\u00e1l\u00f3 lehet\u0151s\u00e9g, j\u00f3 sz\u00edvvel aj\u00e1nlom.<o:p><\/o:p><\/span><\/p>\n<p>[\/et_pb_testimonial][\/et_pb_column][et_pb_column type=&#8221;1_4&#8243; _builder_version=&#8221;4.27.4&#8243; _module_preset=&#8221;default&#8221; global_colors_info=&#8221;{}&#8221;][et_pb_testimonial author=&#8221;Garamv\u00f6lgyi M\u00e1ty\u00e1s&#8221; job_title=&#8221;Mesteredz\u0151&#8221; portrait_url=&#8221;https:\/\/edzokepzes.hunvolley.hu\/wp-content\/uploads\/Picture3.png&#8221; _builder_version=&#8221;4.27.4&#8243; _module_preset=&#8221;default&#8221; global_colors_info=&#8221;{}&#8221;]<\/p>\n<p style=\"text-align: left;\"><span lang=\"HU\">Sz\u00f6vets\u00e9g\u00fcnk \u00e1ltal kezdem\u00e9nyezett, Moodle rendszer\u0171 edz\u0151k\u00e9pz\u00e9s biztos\u00edtani fogja az edz\u0151k tud\u00e1s\u00e1nak fejleszt\u00e9s\u00e9t, lehet\u0151s\u00e9get ny\u00fajt a folyamatos tanul\u00e1sra, az edz\u0151i tev\u00e9kenys\u00e9g valamennyi fok\u00e1n.<o:p><\/o:p><\/span><\/p>\n<p style=\"text-align: left;\"><span lang=\"HU\">Seg\u00edts\u00e9g az edz\u0151i elhivatotts\u00e1g \u00e9s fant\u00e1zia kibontakoz\u00e1s\u00e1hoz, t\u00e1mpont az eredm\u00e9nyes munk\u00e1hoz.<o:p><\/o:p><\/span><\/p>\n<p style=\"text-align: left;\"><span lang=\"HU\">B\u00e1rcsak annak idej\u00e9n kezd\u0151 ut\u00e1np\u00f3tl\u00e1s edz\u0151k\u00e9nt mi is ilyen jelleg\u0171 \u00e9s sz\u00ednvonal\u00fa t\u00e1mogat\u00e1st kaphattunk volna!<o:p><\/o:p><\/span><\/p>\n<p>[\/et_pb_testimonial][\/et_pb_column][et_pb_column type=&#8221;1_4&#8243; _builder_version=&#8221;4.27.4&#8243; _module_preset=&#8221;default&#8221; global_colors_info=&#8221;{}&#8221;][et_pb_testimonial author=&#8221;Forman J\u00f3zsef&#8221; job_title=&#8221;Egyetemi r\u00f6plabdaedz\u0151, USA&#8221; portrait_url=&#8221;https:\/\/edzokepzes.hunvolley.hu\/wp-content\/uploads\/Picture1.png&#8221; _builder_version=&#8221;4.27.4&#8243; _module_preset=&#8221;default&#8221; global_colors_info=&#8221;{}&#8221;]<\/p>\n<p>\u00dagy gondolom, hogy a meg\u00fajult edz\u0151k\u00e9pz\u00e9si rendszer m\u00e9rf\u00f6ldk\u0151 a magyar r\u00f6plabda fejl\u0151d\u00e9s\u00e9ben.<\/p>\n<p>Ez egy olyan lehet\u0151s\u00e9g, amely nemcsak a szakmai tud\u00e1s m\u00e9ly\u00edt\u00e9s\u00e9t, hanem egy k\u00f6z\u00f6s j\u00f6v\u0151 \u00e9p\u00edt\u00e9s\u00e9t is t\u00e1mogatja.<\/p>\n<p>A kezd\u0151 l\u00e9p\u00e9sekt\u0151l a v\u00e1logatott szintig vezet\u0151 \u00fat most sokkal vil\u00e1gosabb \u00e9s t\u00e1mogatottabb, mint valaha. \u00d6r\u00f6m r\u00e9szese lenni egy olyan rendszernek, ami nemcsak tan\u00edt, hanem k\u00f6z\u00f6ss\u00e9get \u00e9p\u00edt \u00e9s j\u00f6v\u0151t form\u00e1l.<\/p>\n<p>[\/et_pb_testimonial][\/et_pb_column][et_pb_column type=&#8221;1_4&#8243; _builder_version=&#8221;4.27.4&#8243; _module_preset=&#8221;default&#8221; global_colors_info=&#8221;{}&#8221;][et_pb_testimonial author=&#8221;Holl\u00f3sy L\u00e1szl\u00f3&#8221; job_title=&#8221;Mesteredz\u0151&#8221; portrait_url=&#8221;https:\/\/edzokepzes.hunvolley.hu\/wp-content\/uploads\/hollosy.png&#8221; _builder_version=&#8221;4.27.4&#8243; _module_preset=&#8221;default&#8221; global_colors_info=&#8221;{}&#8221;]<\/p>\n<p>\u00a0Az \u00faj edz\u0151k\u00e9pz\u00e9si rendszer j\u00f3l struktur\u00e1lt, n\u00e9gy szintre \u00e9p\u00fcl\u0151 fel\u00e9p\u00edt\u00e9s\u00e9vel val\u00f3di szakmai fejl\u0151d\u00e9si utat k\u00edn\u00e1l.<\/p>\n<p>A tematikus tananyagok korszer\u0171ek, hi\u00e1nyp\u00f3tl\u00f3ak, \u00e9s hat\u00e9konyan t\u00e1mogatj\u00e1k az edz\u0151i kompetenci\u00e1k fejleszt\u00e9s\u00e9t minden szinten.<\/p>\n<p>Hiszem, hogy a r\u00f6plabda j\u00f6v\u0151je az edz\u0151k kez\u00e9ben van. Ez a rendszer nemcsak tan\u00edt, hanem utat mutat \u2013 seg\u00edt elindulni \u00e9s eljutni a legmagasabb szintig.<\/p>\n<p>B\u00fcszk\u00e9n t\u00e1mogatom ezt a kezdem\u00e9nyez\u00e9st!<\/p>\n<p>[\/et_pb_testimonial][\/et_pb_column][\/et_pb_row][\/et_pb_section]<\/p>\n","protected":false},"excerpt":{"rendered":"<p>Eln\u00f6ki k\u00f6sz\u00f6nt\u0151Tisztelt Sportt\u00e1rsak, Kedves Edz\u0151 Koll\u00e9g\u00e1k! Nagy \u00f6r\u00f6mmel \u00e9s b\u00fcszkes\u00e9ggel k\u00f6sz\u00f6nt\u00f6m \u00d6n\u00f6ket a Magyar R\u00f6plabda Sz\u00f6vets\u00e9g meg\u00fajult edz\u0151k\u00e9pz\u00e9si rendszer\u00e9ben! A most elindul\u00f3 edz\u0151k\u00e9pz\u00e9si tanfolyami rendszer egy k\u00f6z\u00f6s \u00fat kezdete, amely a magyar r\u00f6plabd\u00e1z\u00e1s j\u00f6v\u0151j\u00e9nek \u00e9p\u00edt\u00e9s\u00e9t szolg\u00e1lja. A Magyar R\u00f6plabda Sz\u00f6vets\u00e9g hossz\u00fat\u00e1v\u00fa strat\u00e9gi\u00e1j\u00e1nak alappill\u00e9rei k\u00f6z\u00f6tt (Eredm\u00e9nyess\u00e9g, N\u00e9pszer\u0171s\u00e9g, Fenntarthat\u00f3s\u00e1g) kiemelt hangs\u00falyt szentelt\u00fcnk az ut\u00e1np\u00f3tl\u00e1s koroszt\u00e1ly min\u0151s\u00e9gi fejleszt\u00e9s\u00e9re, [&hellip;]<\/p>\n","protected":false},"author":1,"featured_media":0,"parent":0,"menu_order":0,"comment_status":"closed","ping_status":"closed","template":"","meta":{"_et_pb_use_builder":"on","_et_pb_old_content":"","_et_gb_content_width":"","footnotes":""},"class_list":["post-51821","page","type-page","status-publish","hentry"],"_links":{"self":[{"href":"https:\/\/edzokepzes.hunvolley.hu\/index.php\/wp-json\/wp\/v2\/pages\/51821","targetHints":{"allow":["GET"]}}],"collection":[{"href":"https:\/\/edzokepzes.hunvolley.hu\/index.php\/wp-json\/wp\/v2\/pages"}],"about":[{"href":"https:\/\/edzokepzes.hunvolley.hu\/index.php\/wp-json\/wp\/v2\/types\/page"}],"author":[{"embeddable":true,"href":"https:\/\/edzokepzes.hunvolley.hu\/index.php\/wp-json\/wp\/v2\/users\/1"}],"replies":[{"embeddable":true,"href":"https:\/\/edzokepzes.hunvolley.hu\/index.php\/wp-json\/wp\/v2\/comments?post=51821"}],"version-history":[{"count":60,"href":"https:\/\/edzokepzes.hunvolley.hu\/index.php\/wp-json\/wp\/v2\/pages\/51821\/revisions"}],"predecessor-version":[{"id":78724,"href":"https:\/\/edzokepzes.hunvolley.hu\/index.php\/wp-json\/wp\/v2\/pages\/51821\/revisions\/78724"}],"wp:attachment":[{"href":"https:\/\/edzokepzes.hunvolley.hu\/index.php\/wp-json\/wp\/v2\/media?parent=51821"}],"curies":[{"name":"wp","href":"https:\/\/api.w.org\/{rel}","templated":true}]}}